{"id":401,"date":"2025-08-18T20:35:50","date_gmt":"2025-08-18T20:35:50","guid":{"rendered":"https:\/\/st2.al\/?page_id=401"},"modified":"2025-08-18T21:31:18","modified_gmt":"2025-08-18T21:31:18","slug":"projekte-vertetime","status":"publish","type":"page","link":"https:\/\/st2.al\/index.php\/projekte-vertetime\/","title":{"rendered":"Projekte &amp; V\u00ebrtetime"},"content":{"rendered":"\n<!-- Faqja: Projekte & V\u00ebrtetime -->\n<style>\n  .srv-detail { \n  max-width: 900px; \n  margin: 0; \/* removes auto centering *\/\n  padding: 48px 20px;\n  font-family: system-ui,-apple-system,Segoe UI,Roboto,Ubuntu,\"Helvetica Neue\",Arial;\n}\n  .srv-detail h1{font-size:clamp(28px,4vw,40px);color:#50b686;margin-bottom:16px}\n  .srv-detail p{font-size:18px;line-height:1.6;margin-bottom:24px}\n  .srv-detail ul{margin:0 0 24px 18px}\n  .srv-detail li{margin:6px 0}\n  .srv-back{display:inline-block;text-decoration:none;padding:10px 14px;border-radius:12px;background:#0874ad;color:#fff;border:1px solid #0874ad;transition:.25s}\n  .srv-back:hover{background:#50b686;border-color:#50b686;color:#fff;transform:translateY(-2px)}\n<\/style>\n\n<main class=\"srv-detail\" id=\"projekte-vertetime\">\n  <h1>Projekte &amp; V\u00ebrtetime<\/h1>\n  <p>Ofronjm\u00eb miratim dhe v\u00ebrtetim teknik p\u00ebr projekte t\u00eb ndryshme n\u00eb fush\u00ebn e nd\u00ebrtimit, energjis\u00eb dhe industris\u00eb, duke garantuar p\u00ebrputhshm\u00ebri me standardet komb\u00ebtare dhe europiane.<\/p>\n  \n  <ul>\n    <li>Miratim i projekteve teknologjike<\/li>\n    <li>V\u00ebrtetim teknik p\u00ebr hidrokarbure<\/li>\n    <li>P\u00ebrpunim \/ prodhim mallrash t\u00eb ndryshme<\/li>\n    <li>Nd\u00ebrtimi i veprave civile dhe industriale<\/li>\n  <\/ul>\n\n  <a href=\"\/wordpress_v\/index.php\/sherbime\/\" class=\"srv-back\">\u00ab Kthehu te Sh\u00ebrbimet<\/a>\n<\/main>\n\n\n\n\n<p class=\"has-black-color has-text-color has-link-color wp-elements-39c7ccf286cd413eb271065026048190\" style=\"font-size:20px\"><\/p>\n\n\n\n<figure class=\"wp-block-image size-full is-resized\"><img loading=\"lazy\" decoding=\"async\" width=\"500\" height=\"500\" src=\"https:\/\/st2.al\/wp-content\/uploads\/2025\/08\/Body-3.png\" alt=\"\" class=\"wp-image-288\" style=\"object-fit:cover;width:1200px;height:600px\" srcset=\"https:\/\/st2.al\/wp-content\/uploads\/2025\/08\/Body-3.png 500w, https:\/\/st2.al\/wp-content\/uploads\/2025\/08\/Body-3-300x300.png 300w, https:\/\/st2.al\/wp-content\/uploads\/2025\/08\/Body-3-150x150.png 150w\" sizes=\"auto, (max-width: 500px) 100vw, 500px\" \/><\/figure>\n\n\n\n<p><\/p>\n","protected":false},"excerpt":{"rendered":"<p>Projekte &amp; V\u00ebrtetime Ofronjm\u00eb miratim dhe v\u00ebrtetim teknik p\u00ebr projekte [&hellip;]<\/p>\n","protected":false},"author":1,"featured_media":0,"parent":0,"menu_order":0,"comment_status":"closed","ping_status":"closed","template":"","meta":{"footnotes":""},"class_list":["post-401","page","type-page","status-publish","hentry"],"_links":{"self":[{"href":"https:\/\/st2.al\/index.php\/wp-json\/wp\/v2\/pages\/401","targetHints":{"allow":["GET"]}}],"collection":[{"href":"https:\/\/st2.al\/index.php\/wp-json\/wp\/v2\/pages"}],"about":[{"href":"https:\/\/st2.al\/index.php\/wp-json\/wp\/v2\/types\/page"}],"author":[{"embeddable":true,"href":"https:\/\/st2.al\/index.php\/wp-json\/wp\/v2\/users\/1"}],"replies":[{"embeddable":true,"href":"https:\/\/st2.al\/index.php\/wp-json\/wp\/v2\/comments?post=401"}],"version-history":[{"count":19,"href":"https:\/\/st2.al\/index.php\/wp-json\/wp\/v2\/pages\/401\/revisions"}],"predecessor-version":[{"id":468,"href":"https:\/\/st2.al\/index.php\/wp-json\/wp\/v2\/pages\/401\/revisions\/468"}],"wp:attachment":[{"href":"https:\/\/st2.al\/index.php\/wp-json\/wp\/v2\/media?parent=401"}],"curies":[{"name":"wp","href":"https:\/\/api.w.org\/{rel}","templated":true}]}}